{"id":5358,"date":"2020-01-09T15:33:34","date_gmt":"2020-01-09T14:33:34","guid":{"rendered":"https:\/\/www.lamasu-dusano.it\/menu-privacy\/privacy-policy\/"},"modified":"2024-07-23T16:25:35","modified_gmt":"2024-07-23T14:25:35","slug":"privacy-policy","status":"publish","type":"page","link":"https:\/\/www.villa-pasotti.it\/de\/menu-privacy\/privacy-policy\/","title":{"rendered":"Privacy Policy"},"content":{"rendered":"\n\t<section class=\"section dark\" id=\"section_1348397825\">\n\t\t<div class=\"section-bg fill\" >\n\t\t\t\t\t\t\t\t\t<div class=\"section-bg-overlay absolute fill\"><\/div>\n\t\t\t\n\n\t\t<\/div>\n\n\t\t\n\n\t\t<div class=\"section-content relative\">\n\t\t\t\n\t<div id=\"gap-1807972792\" class=\"gap-element clearfix\" style=\"display:block; height:auto;\">\n\t\t\n<style>\n#gap-1807972792 {\n  padding-top: 120px;\n}\n@media (min-width:550px) {\n  #gap-1807972792 {\n    padding-top: 80px;\n  }\n}\n@media (min-width:850px) {\n  #gap-1807972792 {\n    padding-top: 120px;\n  }\n}\n<\/style>\n\t<\/div>\n\t\n<div class=\"row align-center\"  id=\"row-1332725582\">\n\n\t<div id=\"col-1760594743\" class=\"col medium-11 small-12 large-11\"  data-animate=\"fadeInUp\">\n\t\t\t\t<div class=\"col-inner\"  >\n\t\t\t\n\t\t\t\n\t<div id=\"text-830439967\" class=\"text\">\n\t\t\n<h1>Informationen zur Verarbeitung <br \/>personenbezogener Daten<\/h1>\n\t\t\n<style>\n#text-830439967 {\n  font-size: 1rem;\n  text-align: center;\n}\n@media (min-width:550px) {\n  #text-830439967 {\n    font-size: 2rem;\n  }\n}\n@media (min-width:850px) {\n  #text-830439967 {\n    font-size: 2.35rem;\n  }\n}\n<\/style>\n\t<\/div>\n\t\n\t\t<\/div>\n\t\t\t\t\t<\/div>\n\n\t\n<\/div>\n\t\t<\/div>\n\n\t\t\n<style>\n#section_1348397825 {\n  padding-top: 85px;\n  padding-bottom: 85px;\n  min-height: 400px;\n  background-color: #457286;\n}\n#section_1348397825 .section-bg-overlay {\n  background-color: rgba(0, 0, 0, 0.366);\n}\n@media (min-width:550px) {\n  #section_1348397825 {\n    padding-top: 30px;\n    padding-bottom: 30px;\n    min-height: 400px;\n  }\n  #section_1348397825 .section-bg-overlay {\n    background-color: rgba(0, 0, 0, 0.279);\n  }\n}\n@media (min-width:850px) {\n  #section_1348397825 {\n    min-height: 300px;\n  }\n  #section_1348397825 .section-bg-overlay {\n    background-color: rgba(0, 0, 0, 0.157);\n  }\n}\n<\/style>\n\t<\/section>\n\t\n\n\t<section class=\"section\" id=\"section_1038227235\">\n\t\t<div class=\"section-bg fill\" >\n\t\t\t\t\t\t\t\t\t\n\t\t\t\n\n\t\t<\/div>\n\n\t\t\n\n\t\t<div class=\"section-content relative\">\n\t\t\t\n<div class=\"row align-middle align-center\"  id=\"row-29910881\">\n\n\t<div id=\"col-1786808190\" class=\"col medium-11 small-12 large-10\"  >\n\t\t\t\t<div class=\"col-inner\" style=\"background-color:rgb(255, 255, 255);\" >\n\t\t\t\n\t\t\t\n<p>AI SENSI DELL\u2019ART.13 e 14 DEL REGOLAMENTO (UE) 2016\/679<\/p>\n<p>Regolamento Generale sulla Protezione dei Dati &#8211; di seguito \u201cRGPD\u201d<br \/>Nella presente informativa sono descritte le modalit\u00e0 di gestione del sito web in riferimento al trattamento dei dati personali di coloro che lo consultano (c.d. soggetti interessati).<\/p>\n<p>\u00a0<\/p>\n<ol>\n<li><strong>TITOLARE DEL TRATTAMENTO<\/strong>\u00a0(art.4 comma 7 del RGPD).<\/li>\n<\/ol>\n<p>Titolare per i trattamenti effettuati sui dati personali raccolti e ottenuti da questo sito web \u00e8 la RIO VERDE S.R.L., con sede legale in Via Spizzago n.6, 25010 San Felice del Benaco (BS) &#8211; Italia; Email: info@lamasu.it; il titolare determina come saranno conservati i dati e chi potr\u00e0 avere accesso alle informazioni raccolte dal sito web. I dati saranno trattati solo da personale espressamente autorizzato dal titolare.<\/p>\n<p>\u00a0<\/p>\n<ol start=\"2\">\n<li><strong>BASE GIURIDICA E FINALIT\u00c0 DEL TRATTAMENTO<\/strong><\/li>\n<\/ol>\n<p>Il trattamento \u00e8 svolto sulla base di uno specifico consenso dell\u2019interessato (art.6 comma 1 del RGPD) al fine di fornire il Servizio richiesto: domande di informazioni e, con specifico consenso, per l\u2019invio d\u2019informazioni commerciali,\u00a0<em>newsletter<\/em>\u00a0promozionali e comunicazioni aziendali e servizi offerti dalla RIO VERDE S.R.L.; a seguito della compilazione dei moduli on-line (c.d.\u00a0<em>form)<\/em>, i dati personali potranno essere utilizzati dal titolare per:<\/p>\n<ol>\n<li>rispondere a eventuali richieste d\u2019informazioni, a domande di disponibilit\u00e0 appartamenti\/alloggi, a quesiti e\/o domande generiche;<\/li>\n<li>invio di newsletter promozionali e comunicazioni aziendali;<\/li>\n<li>attivit\u00e0 di profilazione mirate ad obiettivi commerciali, promozionali, informative, statistiche e per attivit\u00e0 d\u2019individuazione di potenziali clienti.<\/li>\n<\/ol>\n<p>\u00a0<\/p>\n<ol start=\"3\">\n<li><strong>TIPI DI DATI TRATTATI<\/strong><\/li>\n<\/ol>\n<p>3.1\u00a0<em>Dati di navigazione<\/em><\/p>\n<p>Non vengono acquisiti dati di navigazione<\/p>\n<p>3.1\u00a0<em>Dati comunicati dall\u2019utente<\/em><\/p>\n<p>i dati inviati volontariamente agli indirizzi di posta elettronica presenti su questo sito e\/o inviati tramite la compilazione di appositi moduli on-line\u00a0<em>(form)<\/em>, comportano l&#8217;acquisizione dei dati di contatto del mittente, necessari a rispondere alle richieste, nonch\u00e9 di tutti i dati personali inclusi nelle comunicazioni. Se \u00e8 stato dato lo specifico consenso, l\u2019indirizzo e-mail e i dati in esso contenuti possono essere utilizzati per finalit\u00e0 commerciali, promozionali, informative, statistiche e per individuare la potenziale clientela, sia attraverso l\u2019uso di strumenti informatici (ad esempio tramite l\u2019invio di newsletter, email, ecc.) sia attraverso mezzi di altro genere (cartacei, multimediali, ecc.).<\/p>\n<p>3.2\u00a0<em>Cookie e altri sistemi di tracciamento<\/em><\/p>\n<p>3.2.1 Viene fatto uso di\u00a0<em>cookie<\/em>\u00a0tecnici di sessione (non persistenti) in modo strettamente limitato a quanto necessario per la navigazione sicura ed efficiente del sito. La memorizzazione dei\u00a0<em>cookie<\/em>\u00a0di sessione nei terminali o nei browser \u00e8 sotto il controllo dell&#8217;utente, laddove sui server, al termine delle sessioni HTTP, informazioni relative ai\u00a0<em>cookie<\/em>\u00a0restano registrate nei log dei servizi, con tempi di conservazione comunque non superiori ai sette giorni al pari degli altri dati di navigazione.<\/p>\n<p>3.2.2 Inoltre, sono utilizzati\u00a0<em>cookie di terze parti<\/em>\u00a0(come Facebook, Instagram e Google). Questi vengono attivati accedendo ai link dei social network presenti sul sito.<\/p>\n<p>\u00a0<\/p>\n<ol start=\"4\">\n<li><strong>DESTINATARI DEI DATI.<\/strong><\/li>\n<\/ol>\n<p>Possono essere destinatari dei dati raccolti, a seguito della consultazione del sito, alcuni soggetti in ragione dei rapporti che li legano al titolare (per esempio, il gestore del sito web e del server su cui il sito si appoggia, alcuni dipendenti del titolare). Pertanto, i dati personali raccolti sono trattati dal personale della RIO VERDE S.R.L., che agisce sulla base di specifiche istruzioni fornite dal titolare in ordine a finalit\u00e0 e modalit\u00e0 del trattamento medesimo e da alcuni soggetti esterni. Questi ultimi sono nominati per iscritto \u201cresponsabili esterni\u201d &#8211; cos\u00ec come prevede l\u2019art.28 del RGPD.<\/p>\n<p>\u00a0<\/p>\n<ol start=\"5\">\n<li><strong>TRASFERIMENTO DEI DATI ALL\u2019ESTERO.<\/strong><\/li>\n<\/ol>\n<p>I dati personali sono trattati direttamente dal Titolare e risiedono nell\u2019Unione Europea nell\u2019ambito delle finalit\u00e0 di cui al punto 2 (A-B-C).<\/p>\n<p>\u00a0<\/p>\n<ol start=\"6\">\n<li><strong>PERIODO DI CONSERVAZIONE DEI DATI.<\/strong><\/li>\n<\/ol>\n<p>Come previsto ai sensi dell\u2019art.5 c.1 lett. e) del RGPD, i dati personali sono trattati per il tempo strettamente necessario a conseguire le finalit\u00e0 per cui sono stati raccolti.<\/p>\n<p>6.1 I dati personali comunicati dagli utenti verranno mantenuti per il periodo necessario all\u2019espletamento dei servizi richiesti.<\/p>\n<p>6.2 I dati personali acquisiti per finalit\u00e0 di marketing e profilazione saranno mantenuti per un massimo di due anni dall\u2019ultimo contatto.<\/p>\n<p>\u00a0<\/p>\n<ol start=\"7\">\n<li><strong>DIRITTI DELL\u2019INTERESSATO.<\/strong><\/li>\n<\/ol>\n<p>Ai sensi degli articoli da 15 a 22 del RGPD, agli interessati \u00e8 conferita la possibilit\u00e0 &#8211; nei casi previsti &#8211;\u00a0 di esercitare specifici diritti. In particolare, l\u2019interessato pu\u00f2 ottenere:<\/p>\n<ul>\n<li>la conferma dell\u2019esistenza di un trattamento che lo riguardi e, in tal caso, l\u2019accesso a tali dati;<\/li>\n<li>la rettifica dei dati personali inesatti e l\u2019integrazione dei dati personali incompleti;<\/li>\n<li>la cancellazione dei dati personali che lo riguardano, nei casi in cui sia consentita dal RGPD;<\/li>\n<li>la limitazione del trattamento, nelle ipotesi previste dal RGPD;<\/li>\n<li>l\u2019interessato ha altres\u00ec il diritto di opporsi, per motivi legittimi, al trattamento dei dati e pu\u00f2 revocare il consenso rilasciato senza pregiudicare la liceit\u00e0 del trattamento basata sul consenso prestato prima della revoca (art.7 c.3).<\/li>\n<\/ul>\n<p>Per l\u2019esercizio dei diritti, l\u2019interessato deve inviare apposita istanza al Titolare del trattamento (Email:\u00a0<a href=\"mailto:info@lamasu.it\">info@lamasu.it<\/a>; indicando nell\u2019oggetto \u201cPrivacy\u201d).<\/p>\n<p>\u00a0<\/p>\n<ol start=\"8\">\n<li><strong>CONFERIMENTO DEI DATI.<\/strong><\/li>\n<\/ol>\n<p>8.1 Il rilascio dei dati personali richiesti \u00e8 necessario ai fini dello svolgimento delle attivit\u00e0 di cui al punto 2 A; il mancato consenso al loro conferimento non permetter\u00e0, pertanto, di fornire le risposte ai quesiti richiesti.<\/p>\n<p>8.2 Il conferimento dei dati per le finalit\u00e0 di cui al punto 2 B e C richiede il rilascio di uno specifico consenso.<\/p>\n<p>\u00a0<\/p>\n<ol start=\"9\">\n<li><strong>CONSENSO.<\/strong><\/li>\n<\/ol>\n<p>Il consenso ad una delle specifiche finalit\u00e0 viene dato dal soggetto interessato mediante \u201capposita casella\u201d. L\u2019invio della richiesta per le finalit\u00e0 di cui al punto 2 A non \u00e8 possibile senza aver dato prima il consenso. Ogni consenso dato viene registrato e conservato dal Titolare per i fini di esibizione su richiesta dell\u2019interessato o dell\u2019Autorit\u00e0.<\/p>\n<p>\u00a0<\/p>\n<ol start=\"10\">\n<li><strong>DIFFUSIONE DEI DATI.<\/strong><\/li>\n<\/ol>\n<p>I dati personali non sono dal titolare \u201cdiffusi\u201d, con tale termine intendendosi il darne conoscenza a soggetti indeterminati in qualunque modo, anche mediante la loro messa a disposizione o consultazione.<\/p>\n<p>\u00a0<\/p>\n<ol start=\"11\">\n<li><strong>MODALIT\u00c0 DI TRATTAMENTO DEI DATI PERSONALI.<\/strong><\/li>\n<\/ol>\n<p>Il trattamento dei dati avviene principalmente con strumenti elettronici e informatici, gli stessi sono memorizzati sia su supporti informatici che su supporti cartacei, nel rispetto della sicurezza del trattamento (art.32 del RGPD); nel rispetto delle cautele, delle garanzie e delle misure necessarie prescritte dalla normativa di riferimento, volte ad assicurare la riservatezza, l\u2019integrit\u00e0 e la disponibilit\u00e0 dei dati; nonch\u00e9, ad evitare danni, siano essi materiali o immateriali (per esempio, la perdita del controllo dei dati personali, il furto o usurpazione d\u2019identit\u00e0). Il trattamento \u00e8 svolto dal Titolare e\/o da responsabili-incaricati del trattamento<\/p>\n<p><strong>Brevi note sul presente sito web<\/strong><br \/>Questo sito potr\u00e0 contenere link verso siti esterni, alcuni dei quali di titolarit\u00e0 di terzi. Detti siti di terzi, accessibili dall&#8217;utente attivando il link ed uscendo dal dominio del presente sito, non sono sotto il controllo diretto del titolare che, pertanto, non \u00e8 responsabile per i contenuti presenti nei suddetti siti n\u00e9 potr\u00e0 in alcuna maniera garantire il loro corretto funzionamento.<\/p>\n<p>L\u2019utente \u00e8 tenuto a prendere conoscenza e rispettare le condizioni d&#8217;uso vigenti in detti siti di terzi. Parimenti, qualsivoglia attivazione di link all\u2019interno di tali siti, anche se il collegamento \u00e8 autorizzato dal titolare, non implica da parte di quest&#8217;ultimo alcun controllo dei contenuti presenti sul sito n\u00e9 dei dati personali inseriti.<\/p>\n\t\t<\/div>\n\t\t\t\t\n<style>\n#col-1786808190 > .col-inner {\n  padding: 20px 20px 20px 20px;\n  margin: 0px 0px 20px 0px;\n}\n@media (min-width:550px) {\n  #col-1786808190 > .col-inner {\n    padding: 40px 40px 40px 40px;\n  }\n}\n<\/style>\n\t<\/div>\n\n\t\n<\/div>\n\t\t<\/div>\n\n\t\t\n<style>\n#section_1038227235 {\n  padding-top: 50px;\n  padding-bottom: 50px;\n  background-color: rgb(238, 241, 241);\n}\n@media (min-width:550px) {\n  #section_1038227235 {\n    padding-top: 60px;\n    padding-bottom: 60px;\n  }\n}\n@media (min-width:850px) {\n  #section_1038227235 {\n    padding-top: 80px;\n    padding-bottom: 80px;\n  }\n}\n<\/style>\n\t<\/section>\n\t\n<div class=\"is-divider divider clearfix\" style=\"margin-top:0px;margin-bottom:0px;max-width:100%;height:1px;background-color:rgb(239, 239, 239);\"><\/div>\n\n\n\t<section class=\"section\" id=\"section_1097926580\">\n\t\t<div class=\"section-bg fill\" >\n\t\t\t\t\t\t\t\t\t\n\t\t\t\n\n\t\t<\/div>\n\n\t\t\n\n\t\t<div class=\"section-content relative\">\n\t\t\t\n\n<div class=\"row align-center\"  id=\"row-1461103870\">\n\n\n\t<div id=\"col-1298290418\" class=\"col medium-12 small-12 large-8\"  data-animate=\"bounceInUp\">\n\t\t\t\t<div class=\"col-inner text-center\"  >\n\t\t\t\n\t\t\t\n\n\t<div id=\"gap-1861068059\" class=\"gap-element clearfix\" style=\"display:block; height:auto;\">\n\t\t\n<style>\n#gap-1861068059 {\n  padding-top: 30px;\n}\n<\/style>\n\t<\/div>\n\t\r\n\r\n<p>Kontakt<\/p>\n\t<div id=\"text-1528643938\" class=\"text\">\n\t\t\n\n<h2>M\u00f6chten Sie weitere Informationen erhalten? <br \/><span <span data-text-color=\"primary\">Kontaktieren Sie uns!<\/span><\/h2>\n\t\t\n<style>\n#text-1528643938 {\n  font-size: 1.4rem;\n}\n<\/style>\n\t<\/div>\n\t\n\n\t\t<\/div>\n\t\t\t\t\t<\/div>\n\n\t\n\n<\/div>\n\t<div id=\"gap-874684935\" class=\"gap-element clearfix\" style=\"display:block; height:auto;\">\n\t\t\n<style>\n#gap-874684935 {\n  padding-top: 40px;\n}\n<\/style>\n\t<\/div>\n\t\n\n\n\t\t<\/div>\n\n\t\t\n<style>\n#section_1097926580 {\n  padding-top: 40px;\n  padding-bottom: 40px;\n}\n@media (min-width:550px) {\n  #section_1097926580 {\n    padding-top: 85px;\n    padding-bottom: 85px;\n  }\n}\n@media (min-width:850px) {\n  #section_1097926580 {\n    padding-top: 100px;\n    padding-bottom: 100px;\n  }\n}\n<\/style>\n\t<\/section>\n\t\n","protected":false},"excerpt":{"rendered":"","protected":false},"author":1,"featured_media":0,"parent":5354,"menu_order":0,"comment_status":"closed","ping_status":"closed","template":"page-transparent-header.php","meta":{"footnotes":""},"class_list":["post-5358","page","type-page","status-publish","hentry"],"_links":{"self":[{"href":"https:\/\/www.villa-pasotti.it\/de\/wp-json\/wp\/v2\/pages\/5358","targetHints":{"allow":["GET"]}}],"collection":[{"href":"https:\/\/www.villa-pasotti.it\/de\/wp-json\/wp\/v2\/pages"}],"about":[{"href":"https:\/\/www.villa-pasotti.it\/de\/wp-json\/wp\/v2\/types\/page"}],"author":[{"embeddable":true,"href":"https:\/\/www.villa-pasotti.it\/de\/wp-json\/wp\/v2\/users\/1"}],"replies":[{"embeddable":true,"href":"https:\/\/www.villa-pasotti.it\/de\/wp-json\/wp\/v2\/comments?post=5358"}],"version-history":[{"count":4,"href":"https:\/\/www.villa-pasotti.it\/de\/wp-json\/wp\/v2\/pages\/5358\/revisions"}],"predecessor-version":[{"id":5490,"href":"https:\/\/www.villa-pasotti.it\/de\/wp-json\/wp\/v2\/pages\/5358\/revisions\/5490"}],"up":[{"embeddable":true,"href":"https:\/\/www.villa-pasotti.it\/de\/wp-json\/wp\/v2\/pages\/5354"}],"wp:attachment":[{"href":"https:\/\/www.villa-pasotti.it\/de\/wp-json\/wp\/v2\/media?parent=5358"}],"curies":[{"name":"wp","href":"https:\/\/api.w.org\/{rel}","templated":true}]}}